{"id":22988908,"date":"2018-01-21T20:36:34","date_gmt":"2018-01-21T19:36:34","guid":{"rendered":"https:\/\/globalgbconsulting.es\/?page_id=22988908"},"modified":"2025-03-19T18:59:36","modified_gmt":"2025-03-19T17:59:36","slug":"legal-notice-and-privacy-policy","status":"publish","type":"page","link":"https:\/\/globalgbconsulting.es\/en\/legal-notice-and-privacy-policy\/","title":{"rendered":"Legal Notice and Privacy Policy"},"content":{"rendered":"<p>[et_pb_section fb_built=&#8221;1&#8243; admin_label=&#8221;Secci\u00f3n&#8221; _builder_version=&#8221;4.27.4&#8243; _module_preset=&#8221;default&#8221; use_background_color_gradient=&#8221;on&#8221; background_color_gradient_stops=&#8221;rgba(48,48,48,0.11) 22%|rgba(48,48,48,0.59) 43%&#8221; background_color_gradient_overlays_image=&#8221;on&#8221; background_image=&#8221;https:\/\/globalgbconsulting.es\/wp-content\/uploads\/2025\/02\/fondo-portada.jpg&#8221; parallax=&#8221;on&#8221; parallax_method=&#8221;off&#8221; custom_padding=&#8221;||||false|false&#8221; animation_style=&#8221;slide&#8221; animation_direction=&#8221;top&#8221; animation_duration=&#8221;1750ms&#8221; background_last_edited=&#8221;on|tablet&#8221; use_background_color_gradient_tablet=&#8221;on&#8221; use_background_color_gradient_phone=&#8221;on&#8221; background_color_gradient_stops_tablet=&#8221;rgba(48,48,48,0.11) 0%|rgba(48,48,48,0.77) 11%|#303030 100%&#8221; background_color_gradient_stops_phone=&#8221;rgba(48,48,48,0) 0%|rgba(48,48,48,0.77) 9%|#303030 100%&#8221; locked=&#8221;off&#8221; global_colors_info=&#8221;{}&#8221; theme_builder_area=&#8221;post_content&#8221;][et_pb_row _builder_version=&#8221;4.27.4&#8243; _module_preset=&#8221;default&#8221; position_origin_a=&#8221;center_center&#8221; max_width=&#8221;100%&#8221; global_colors_info=&#8221;{}&#8221; theme_builder_area=&#8221;post_content&#8221;][et_pb_column type=&#8221;4_4&#8243; _builder_version=&#8221;4.27.4&#8243; _module_preset=&#8221;default&#8221; global_colors_info=&#8221;{}&#8221; theme_builder_area=&#8221;post_content&#8221;][et_pb_text _builder_version=&#8221;4.27.4&#8243; _module_preset=&#8221;default&#8221; text_font=&#8221;|300|||||||&#8221; header_font=&#8221;|300|||||||&#8221; header_font_size=&#8221;48px&#8221; header_line_height=&#8221;1.2em&#8221; background_layout=&#8221;dark&#8221; custom_margin=&#8221;||0px||false|false&#8221; animation_style=&#8221;slide&#8221; animation_direction=&#8221;right&#8221; animation_duration=&#8221;1300ms&#8221; animation_intensity_slide=&#8221;10%&#8221; hover_enabled=&#8221;0&#8243; header_font_size_tablet=&#8221;4em&#8221; header_font_size_phone=&#8221;2em&#8221; header_font_size_last_edited=&#8221;off|desktop&#8221; header_letter_spacing_tablet=&#8221;2px&#8221; header_letter_spacing_phone=&#8221;2px&#8221; header_letter_spacing_last_edited=&#8221;off|desktop&#8221; locked=&#8221;off&#8221; global_colors_info=&#8221;{}&#8221; theme_builder_area=&#8221;post_content&#8221; sticky_enabled=&#8221;0&#8243;]<\/p>\n<h1>Legal Notice and Privacy Policy<\/h1>\n<p>[\/et_pb_text][\/et_pb_column][\/et_pb_row][\/et_pb_section][et_pb_section fb_built=&#8221;1&#8243; admin_label=&#8221;Secci\u00f3n&#8221; _builder_version=&#8221;4.16&#8243; global_colors_info=&#8221;{}&#8221; theme_builder_area=&#8221;post_content&#8221;][et_pb_row _builder_version=&#8221;4.16&#8243; background_size=&#8221;initial&#8221; background_position=&#8221;top_left&#8221; background_repeat=&#8221;repeat&#8221; global_colors_info=&#8221;{}&#8221; theme_builder_area=&#8221;post_content&#8221;][et_pb_column type=&#8221;4_4&#8243; _builder_version=&#8221;4.16&#8243; custom_padding=&#8221;|||&#8221; global_colors_info=&#8221;{}&#8221; custom_padding__hover=&#8221;|||&#8221; theme_builder_area=&#8221;post_content&#8221;][et_pb_text _builder_version=&#8221;4.27.4&#8243; _module_preset=&#8221;default&#8221; header_2_font=&#8221;Oswald||||||||&#8221; global_colors_info=&#8221;{}&#8221; theme_builder_area=&#8221;post_content&#8221;]<\/p>\n<h2>1.- Informaci\u00f3n general<\/h2>\n<p><span>La finalidad de esta pol\u00edtica de privacidad es informarle acerca del tratamiento de datos personales relacionado con el uso de nuestro sitio web y los servicios asociados.<\/span><\/p>\n<h2>2.- \u00bfQui\u00e9n es el Responsable del tratamiento de sus datos?<\/h2>\n<p><span>Raz\u00f3n social: Global GB Consultor\u00eda Ejecutiva, S.L. CIF: B86348711 Direcci\u00f3n: C\/ Alcal\u00e1 151, 1\u00baC, CP: 28009 Madrid Tel\u00e9fono: 910 910 235 Contacto: marketing@globalgbconsulting.es<\/span><\/p>\n<h2>3.- \u00bfCon qu\u00e9 finalidad tratamos sus datos personales?<\/h2>\n<p><span>Desde Global GB Consultor\u00eda Ejecutiva, S.L., tratamos la siguiente informaci\u00f3n con la finalidad que se acompa\u00f1a<\/span><\/p>\n<ul>\n<li>\u201cCONTACTO\u201d: Atenci\u00f3n de las solicitudes de informaci\u00f3n recibidas v\u00eda web<\/li>\n<li>\u201cTRABAJA CON NOSOTROS\u201d: Selecci\u00f3n de personal<\/li>\n<\/ul>\n<h2>4.- \u00bfA qu\u00e9 destinatarios se comunicar\u00e1n sus datos?<\/h2>\n<p><span>Global GB Consultor\u00eda Ejecutiva, S.L. no ceder\u00e1, en principio, los datos personales a terceros. No obstante, en el caso de ser cedidos a alg\u00fan tercero se producir\u00eda una informaci\u00f3n previa solicitando el consentimiento expreso del afectado.<\/span><\/p>\n<h2>5.- \u00bfPor cu\u00e1nto tiempo conservaremos los datos personales del Usuario?<\/h2>\n<p><span>Con car\u00e1cter general, los datos personales proporcionados se conservar\u00e1n durante el tiempo necesario para atender la solicitud o mientras no se solicite su supresi\u00f3n por el peticionario.<\/span><\/p>\n<h2>6.- \u00bfCu\u00e1les son sus derechos cuando nos facilita sus datos?<\/h2>\n<p><span>Cualquier persona tiene derecho a obtener confirmaci\u00f3n sobre si Global GB Consultor\u00eda Ejecutiva, S.L. est\u00e1 tratando datos personales que les conciernan o no. Las personas interesadas tienen los siguientes derechos:<\/span><\/p>\n<ul>\n<li>Derecho de acceso;<\/li>\n<li>Derecho de rectificaci\u00f3n y supresi\u00f3n;<\/li>\n<li>Derecho de limitaci\u00f3n del tratamiento;<\/li>\n<li>Derecho a la portabilidad de los datos; y<\/li>\n<li>Derecho de oposici\u00f3n.<\/li>\n<\/ul>\n<p><span>Adem\u00e1s, tiene derecho a interponer una reclamaci\u00f3n ante un organismo de control con relaci\u00f3n al tratamiento de sus datos personales.<\/span><\/p>\n<h2>7.- \u00bfC\u00f3mo hemos obtenido sus datos?<\/h2>\n<p><span>Los datos personales que tratamos en Global GB Consultor\u00eda Ejecutiva, S.L. proceden del propio interesado. Adem\u00e1s, cuando visite y use nuestro sitio web con la \u00fanica finalidad de obtener informaci\u00f3n, es decir, en caso de que no se registre ni nos proporcione informaci\u00f3n de otro modo, nos limitaremos a recoger los datos personales que su navegador transmita a nuestro servidor que sean necesarios desde un punto de vista t\u00e9cnico para que visualice nuestro sitio web y para garantizar su estabilidad y seguridad.<\/span><\/p>\n<h2>8.- Cambios en la Pol\u00edtica de Privacidad<\/h2>\n<p><span>Global GB Consulting, S.L. se reserva el derecho a modificar la presente pol\u00edtica para adaptarla a novedades legislativas o jurisprudenciales. En dichos supuestos Global GB Consultor\u00eda Ejecutiva, S.L. anunciar\u00e1 en esta p\u00e1gina los cambios introducidos con antelaci\u00f3n a su puesta en pr\u00e1ctica.<\/span><\/p>\n<p>[\/et_pb_text][\/et_pb_column][\/et_pb_row][\/et_pb_section]<\/p>\n","protected":false},"excerpt":{"rendered":"<p>Legal Notice and Privacy Policy1.- Informaci\u00f3n general La finalidad de esta pol\u00edtica de privacidad es informarle acerca del tratamiento de datos personales relacionado con el uso de nuestro sitio web y los servicios asociados. 2.- \u00bfQui\u00e9n es el Responsable del tratamiento de sus datos? Raz\u00f3n social: Global GB Consultor\u00eda Ejecutiva, S.L. CIF: B86348711 Direcci\u00f3n: C\/ [&hellip;]<\/p>\n","protected":false},"author":1,"featured_media":0,"parent":0,"menu_order":0,"comment_status":"closed","ping_status":"closed","template":"","meta":{"_et_pb_use_builder":"on","_et_pb_old_content":"","_et_gb_content_width":"","footnotes":""},"class_list":["post-22988908","page","type-page","status-publish","hentry"],"_links":{"self":[{"href":"https:\/\/globalgbconsulting.es\/en\/wp-json\/wp\/v2\/pages\/22988908","targetHints":{"allow":["GET"]}}],"collection":[{"href":"https:\/\/globalgbconsulting.es\/en\/wp-json\/wp\/v2\/pages"}],"about":[{"href":"https:\/\/globalgbconsulting.es\/en\/wp-json\/wp\/v2\/types\/page"}],"author":[{"embeddable":true,"href":"https:\/\/globalgbconsulting.es\/en\/wp-json\/wp\/v2\/users\/1"}],"replies":[{"embeddable":true,"href":"https:\/\/globalgbconsulting.es\/en\/wp-json\/wp\/v2\/comments?post=22988908"}],"version-history":[{"count":3,"href":"https:\/\/globalgbconsulting.es\/en\/wp-json\/wp\/v2\/pages\/22988908\/revisions"}],"predecessor-version":[{"id":22988918,"href":"https:\/\/globalgbconsulting.es\/en\/wp-json\/wp\/v2\/pages\/22988908\/revisions\/22988918"}],"wp:attachment":[{"href":"https:\/\/globalgbconsulting.es\/en\/wp-json\/wp\/v2\/media?parent=22988908"}],"curies":[{"name":"wp","href":"https:\/\/api.w.org\/{rel}","templated":true}]}}