{"id":22988911,"date":"2025-02-25T17:33:16","date_gmt":"2025-02-25T16:33:16","guid":{"rendered":"https:\/\/globalgbconsulting.es\/?page_id=22988911"},"modified":"2025-03-19T19:02:07","modified_gmt":"2025-03-19T18:02:07","slug":"web-accessibility-statement","status":"publish","type":"page","link":"https:\/\/globalgbconsulting.es\/en\/web-accessibility-statement\/","title":{"rendered":"Web Accessibility Statement"},"content":{"rendered":"<p>[et_pb_section fb_built=&#8221;1&#8243; admin_label=&#8221;Secci\u00f3n&#8221; _builder_version=&#8221;4.27.4&#8243; _module_preset=&#8221;default&#8221; use_background_color_gradient=&#8221;on&#8221; background_color_gradient_stops=&#8221;rgba(48,48,48,0.11) 22%|rgba(48,48,48,0.59) 43%&#8221; background_color_gradient_overlays_image=&#8221;on&#8221; background_image=&#8221;https:\/\/globalgbconsulting.es\/wp-content\/uploads\/2025\/02\/fondo-portada.jpg&#8221; parallax=&#8221;on&#8221; parallax_method=&#8221;off&#8221; custom_padding=&#8221;||||false|false&#8221; animation_style=&#8221;slide&#8221; animation_direction=&#8221;top&#8221; animation_duration=&#8221;1750ms&#8221; background_last_edited=&#8221;on|tablet&#8221; use_background_color_gradient_tablet=&#8221;on&#8221; use_background_color_gradient_phone=&#8221;on&#8221; background_color_gradient_stops_tablet=&#8221;rgba(48,48,48,0.11) 0%|rgba(48,48,48,0.77) 11%|#303030 100%&#8221; background_color_gradient_stops_phone=&#8221;rgba(48,48,48,0) 0%|rgba(48,48,48,0.77) 9%|#303030 100%&#8221; locked=&#8221;off&#8221; global_colors_info=&#8221;{}&#8221; theme_builder_area=&#8221;post_content&#8221;][et_pb_row _builder_version=&#8221;4.27.4&#8243; _module_preset=&#8221;default&#8221; position_origin_a=&#8221;center_center&#8221; max_width=&#8221;100%&#8221; global_colors_info=&#8221;{}&#8221; theme_builder_area=&#8221;post_content&#8221;][et_pb_column type=&#8221;4_4&#8243; _builder_version=&#8221;4.27.4&#8243; _module_preset=&#8221;default&#8221; global_colors_info=&#8221;{}&#8221; theme_builder_area=&#8221;post_content&#8221;][et_pb_text _builder_version=&#8221;4.27.4&#8243; _module_preset=&#8221;default&#8221; text_font=&#8221;|300|||||||&#8221; header_font=&#8221;|300|||||||&#8221; header_font_size=&#8221;48px&#8221; header_line_height=&#8221;1.2em&#8221; background_layout=&#8221;dark&#8221; custom_margin=&#8221;||0px||false|false&#8221; animation_style=&#8221;slide&#8221; animation_direction=&#8221;right&#8221; animation_duration=&#8221;1300ms&#8221; animation_intensity_slide=&#8221;10%&#8221; hover_enabled=&#8221;0&#8243; header_font_size_tablet=&#8221;4em&#8221; header_font_size_phone=&#8221;2em&#8221; header_font_size_last_edited=&#8221;off|desktop&#8221; header_letter_spacing_tablet=&#8221;2px&#8221; header_letter_spacing_phone=&#8221;2px&#8221; header_letter_spacing_last_edited=&#8221;off|desktop&#8221; locked=&#8221;off&#8221; global_colors_info=&#8221;{}&#8221; theme_builder_area=&#8221;post_content&#8221; sticky_enabled=&#8221;0&#8243;]<\/p>\n<h1><strong>Web Accesibility Statement<\/strong><\/h1>\n<p>[\/et_pb_text][\/et_pb_column][\/et_pb_row][\/et_pb_section][et_pb_section fb_built=&#8221;1&#8243; _builder_version=&#8221;4.27.4&#8243; _module_preset=&#8221;default&#8221; global_colors_info=&#8221;{}&#8221; theme_builder_area=&#8221;post_content&#8221;][et_pb_row _builder_version=&#8221;4.27.4&#8243; _module_preset=&#8221;default&#8221; global_colors_info=&#8221;{}&#8221; theme_builder_area=&#8221;post_content&#8221;][et_pb_column type=&#8221;4_4&#8243; _builder_version=&#8221;4.27.4&#8243; _module_preset=&#8221;default&#8221; global_colors_info=&#8221;{}&#8221; theme_builder_area=&#8221;post_content&#8221;][et_pb_text _builder_version=&#8221;4.27.4&#8243; _module_preset=&#8221;default&#8221; global_colors_info=&#8221;{}&#8221; theme_builder_area=&#8221;post_content&#8221;]<\/p>\n<p><span><strong>Global GB Consulting<\/strong> se ha comprometido a hacer accesible su sitio web, de conformidad con el Real Decreto 1112\/2018, de 7 de septiembre, sobre accesibilidad de los sitios web y aplicaciones para dispositivos m\u00f3viles.<\/span><\/p>\n<p><span>La presente declaraci\u00f3n de accesibilidad se aplica al sitio web https:\/\/www.globalgbconsulting.es<\/span><\/p>\n<h2><b>Situaci\u00f3n de cumplimiento<\/b><\/h2>\n<p><span>Este sitio web es parcialmente conforme con la norma UNE-EN 301549:2019.<\/span><\/p>\n<h2><b>Contenido no accesible<\/b><\/h2>\n<p><span>Un punto delicado es el men\u00fa principal de la web, que no tiene un marcado que permita saltarlo durante la lectura de la p\u00e1gina por un lector de pantalla (9.2.4.1)<\/span><\/p>\n<h2><b>Preparaci\u00f3n para la siguiente declaraci\u00f3n de accesibilidad<\/b><\/h2>\n<p><span>La presente declaraci\u00f3n fue preparada el 25\/02\/2025.<\/span><\/p>\n<p><span>El m\u00e9todo empleado para preparar la declaraci\u00f3n ha sido una auto-evaluaci\u00f3n llevada a cabo por la empresa desarrolladora de la web.<\/span><\/p>\n<p><span>\u00daltima revisi\u00f3n de la declaraci\u00f3n: 25\/02\/2025.<\/span><\/p>\n<h2><b>Observaciones y datos de contacto<\/b><\/h2>\n<p><span>Puede realizar comunicaciones sobre requisitos de accesibilidad como, por ejemplo:<\/span><\/p>\n<ul>\n<li aria-level=\"1\"><span>Informar sobre cualquier posible incumplimiento por parte de este sitio web.<\/span><\/li>\n<li aria-level=\"1\"><span>Transmitir otras dificultades de acceso al contenido.<\/span><\/li>\n<li aria-level=\"1\"><span>Formular cualquier otra consulta o sugerencia de mejora relativa a la accesibilidad del sitio web.<\/span><\/li>\n<\/ul>\n<p><span>a trav\u00e9s del formulario de contacto de este sitio web o escribiendo un correo electr\u00f3nico a la direcci\u00f3n marketing@globalgbconsulting.es.<\/span><\/p>\n<h2><b>Contenido opcional<\/b><\/h2>\n<p><span>Esta web est\u00e1 dise\u00f1ada para poder cambiar el tama\u00f1o del texto y el color, as\u00ed como el fondo de la p\u00e1gina mediante las opciones de configuraci\u00f3n est\u00e1ndar de los navegadores. Por favor consulte la documentaci\u00f3n de su navegador para obtener la informaci\u00f3n adecuada.<\/span><\/p>\n<p>[\/et_pb_text][\/et_pb_column][\/et_pb_row][\/et_pb_section]<\/p>\n","protected":false},"excerpt":{"rendered":"<p>Web Accesibility StatementGlobal GB Consulting se ha comprometido a hacer accesible su sitio web, de conformidad con el Real Decreto 1112\/2018, de 7 de septiembre, sobre accesibilidad de los sitios web y aplicaciones para dispositivos m\u00f3viles. La presente declaraci\u00f3n de accesibilidad se aplica al sitio web https:\/\/www.globalgbconsulting.es Situaci\u00f3n de cumplimiento Este sitio web es parcialmente [&hellip;]<\/p>\n","protected":false},"author":1,"featured_media":0,"parent":0,"menu_order":0,"comment_status":"closed","ping_status":"closed","template":"","meta":{"_et_pb_use_builder":"on","_et_pb_old_content":"","_et_gb_content_width":"","footnotes":""},"class_list":["post-22988911","page","type-page","status-publish","hentry"],"_links":{"self":[{"href":"https:\/\/globalgbconsulting.es\/en\/wp-json\/wp\/v2\/pages\/22988911","targetHints":{"allow":["GET"]}}],"collection":[{"href":"https:\/\/globalgbconsulting.es\/en\/wp-json\/wp\/v2\/pages"}],"about":[{"href":"https:\/\/globalgbconsulting.es\/en\/wp-json\/wp\/v2\/types\/page"}],"author":[{"embeddable":true,"href":"https:\/\/globalgbconsulting.es\/en\/wp-json\/wp\/v2\/users\/1"}],"replies":[{"embeddable":true,"href":"https:\/\/globalgbconsulting.es\/en\/wp-json\/wp\/v2\/comments?post=22988911"}],"version-history":[{"count":3,"href":"https:\/\/globalgbconsulting.es\/en\/wp-json\/wp\/v2\/pages\/22988911\/revisions"}],"predecessor-version":[{"id":22988924,"href":"https:\/\/globalgbconsulting.es\/en\/wp-json\/wp\/v2\/pages\/22988911\/revisions\/22988924"}],"wp:attachment":[{"href":"https:\/\/globalgbconsulting.es\/en\/wp-json\/wp\/v2\/media?parent=22988911"}],"curies":[{"name":"wp","href":"https:\/\/api.w.org\/{rel}","templated":true}]}}